{"id":19,"date":"2019-12-28T17:33:38","date_gmt":"2019-12-28T17:33:38","guid":{"rendered":"http:\/\/jagiellowicz.online\/?page_id=19"},"modified":"2020-01-20T17:19:07","modified_gmt":"2020-01-20T17:19:07","slug":"waclaw-jagiellowicz","status":"publish","type":"page","link":"https:\/\/jagiellowicz.online\/?page_id=19","title":{"rendered":"Wac\u0142aw Jagie\u0142\u0142owicz"},"content":{"rendered":"\n<div class=\"wp-block-button\"><a class=\"wp-block-button__link\" href=\"http:\/\/www.jagiellowicz.online\/\">Return to root page<\/a><\/div>\n\n\n\n<p>Wac\u0142aw Jagie\u0142\u0142owicz was born in Lithuania. The place and date of his birth are only estimates, as he was not consistent in how he reported this over the years. In his passport application from March 17, 1925, he responds to the questions on the application that he was born October 18, 1890 in Lithuania. He does not specify a town.<\/p>\n\n\n\n<div class=\"wp-block-image\"><figure class=\"aligncenter size-large\"><img loading=\"lazy\" decoding=\"async\" width=\"683\" height=\"1024\" src=\"http:\/\/jagiellowicz-online.preview-domain.com\/wp-content\/uploads\/2019\/12\/20191227_PassportExcerptforWeb-683x1024.png\" alt=\"1925 Passport Application\" class=\"wp-image-21\" srcset=\"https:\/\/jagiellowicz.online\/wp-content\/uploads\/2019\/12\/20191227_PassportExcerptforWeb-683x1024.png 683w, https:\/\/jagiellowicz.online\/wp-content\/uploads\/2019\/12\/20191227_PassportExcerptforWeb-200x300.png 200w, https:\/\/jagiellowicz.online\/wp-content\/uploads\/2019\/12\/20191227_PassportExcerptforWeb-768x1152.png 768w, https:\/\/jagiellowicz.online\/wp-content\/uploads\/2019\/12\/20191227_PassportExcerptforWeb-1024x1536.png 1024w, https:\/\/jagiellowicz.online\/wp-content\/uploads\/2019\/12\/20191227_PassportExcerptforWeb-1366x2048.png 1366w, https:\/\/jagiellowicz.online\/wp-content\/uploads\/2019\/12\/20191227_PassportExcerptforWeb-1200x1800.png 1200w, https:\/\/jagiellowicz.online\/wp-content\/uploads\/2019\/12\/20191227_PassportExcerptforWeb-1980x2970.png 1980w\" sizes=\"auto, (max-width: 683px) 100vw, 683px\" \/><figcaption>March 17, 1925 Passport Application Page 1<\/figcaption><\/figure><\/div>\n\n\n\n<p>Note that he writes his name without the \u0142 and with a v instead of a w. On his naturalization card, he lists matching information, and his address remains on Wood Street. This is the Back of the Yards neighborhood where many Lithuanians lived by the Stockyards, made famous in Upton Sinclair&#8217;s <em>The Jungle<\/em>.<\/p>\n\n\n\n<p>This card also notes his date of arrival as June 9, 1913.<\/p>\n\n\n\n<figure class=\"wp-block-image size-large\"><img loading=\"lazy\" decoding=\"async\" width=\"1024\" height=\"351\" src=\"http:\/\/jagiellowicz-online.preview-domain.com\/wp-content\/uploads\/2019\/12\/20191228_NatCardExcerptforWeb-1024x351.jpg\" alt=\"\" class=\"wp-image-23\" srcset=\"https:\/\/jagiellowicz.online\/wp-content\/uploads\/2019\/12\/20191228_NatCardExcerptforWeb-1024x351.jpg 1024w, https:\/\/jagiellowicz.online\/wp-content\/uploads\/2019\/12\/20191228_NatCardExcerptforWeb-300x103.jpg 300w, https:\/\/jagiellowicz.online\/wp-content\/uploads\/2019\/12\/20191228_NatCardExcerptforWeb-768x264.jpg 768w, https:\/\/jagiellowicz.online\/wp-content\/uploads\/2019\/12\/20191228_NatCardExcerptforWeb-1536x527.jpg 1536w, https:\/\/jagiellowicz.online\/wp-content\/uploads\/2019\/12\/20191228_NatCardExcerptforWeb-1200x412.jpg 1200w, https:\/\/jagiellowicz.online\/wp-content\/uploads\/2019\/12\/20191228_NatCardExcerptforWeb.jpg 1772w\" sizes=\"auto, (max-width: 1024px) 100vw, 1024px\" \/><\/figure>\n\n\n\n<p>Interestingly, the manifest of the Eisenbach does have another source for his place of birth. The manifest has sides of the large original page, and he is at the bottom (line 30):<\/p>\n\n\n\n<div class=\"wp-block-image\"><figure class=\"aligncenter size-large\"><img loading=\"lazy\" decoding=\"async\" width=\"1022\" height=\"1024\" src=\"http:\/\/jagiellowicz-online.preview-domain.com\/wp-content\/uploads\/2019\/12\/ShipManifestBaltimore1913-1022x1024.jpg\" alt=\"\" class=\"wp-image-25\" srcset=\"https:\/\/jagiellowicz.online\/wp-content\/uploads\/2019\/12\/ShipManifestBaltimore1913-1022x1024.jpg 1022w, https:\/\/jagiellowicz.online\/wp-content\/uploads\/2019\/12\/ShipManifestBaltimore1913-300x300.jpg 300w, https:\/\/jagiellowicz.online\/wp-content\/uploads\/2019\/12\/ShipManifestBaltimore1913-150x150.jpg 150w, https:\/\/jagiellowicz.online\/wp-content\/uploads\/2019\/12\/ShipManifestBaltimore1913-768x769.jpg 768w, https:\/\/jagiellowicz.online\/wp-content\/uploads\/2019\/12\/ShipManifestBaltimore1913-1534x1536.jpg 1534w, https:\/\/jagiellowicz.online\/wp-content\/uploads\/2019\/12\/ShipManifestBaltimore1913-2045x2048.jpg 2045w, https:\/\/jagiellowicz.online\/wp-content\/uploads\/2019\/12\/ShipManifestBaltimore1913-1200x1202.jpg 1200w, https:\/\/jagiellowicz.online\/wp-content\/uploads\/2019\/12\/ShipManifestBaltimore1913-1980x1983.jpg 1980w\" sizes=\"auto, (max-width: 1022px) 100vw, 1022px\" \/><figcaption>Eisenbach Manifest, Left Side of Page<\/figcaption><\/figure><\/div>\n\n\n\n<div class=\"wp-block-image\"><figure class=\"aligncenter size-large\"><img loading=\"lazy\" decoding=\"async\" width=\"973\" height=\"1024\" src=\"http:\/\/jagiellowicz-online.preview-domain.com\/wp-content\/uploads\/2019\/12\/OtherHalfof1913Manifest-973x1024.jpg\" alt=\"\" class=\"wp-image-27\" srcset=\"https:\/\/jagiellowicz.online\/wp-content\/uploads\/2019\/12\/OtherHalfof1913Manifest-973x1024.jpg 973w, https:\/\/jagiellowicz.online\/wp-content\/uploads\/2019\/12\/OtherHalfof1913Manifest-285x300.jpg 285w, https:\/\/jagiellowicz.online\/wp-content\/uploads\/2019\/12\/OtherHalfof1913Manifest-768x808.jpg 768w, https:\/\/jagiellowicz.online\/wp-content\/uploads\/2019\/12\/OtherHalfof1913Manifest-1460x1536.jpg 1460w, https:\/\/jagiellowicz.online\/wp-content\/uploads\/2019\/12\/OtherHalfof1913Manifest-1200x1263.jpg 1200w, https:\/\/jagiellowicz.online\/wp-content\/uploads\/2019\/12\/OtherHalfof1913Manifest.jpg 1946w\" sizes=\"auto, (max-width: 973px) 100vw, 973px\" \/><figcaption>Eisenbach Manifest, Right Side of Page<\/figcaption><\/figure><\/div>\n\n\n\n<div class=\"wp-block-image\"><figure class=\"aligncenter size-large\"><img loading=\"lazy\" decoding=\"async\" width=\"638\" height=\"204\" src=\"http:\/\/jagiellowicz.online\/wp-content\/uploads\/2020\/01\/WaclaveShipManifestEdited.jpg\" alt=\"Edited portions of Eisenbach Manifest\" class=\"wp-image-120\" srcset=\"https:\/\/jagiellowicz.online\/wp-content\/uploads\/2020\/01\/WaclaveShipManifestEdited.jpg 638w, https:\/\/jagiellowicz.online\/wp-content\/uploads\/2020\/01\/WaclaveShipManifestEdited-300x96.jpg 300w\" sizes=\"auto, (max-width: 638px) 100vw, 638px\" \/><figcaption>Close-up of Place of Origin<\/figcaption><\/figure><\/div>\n\n\n\n<p>Looking at the right side of that page, there is a blank where he lists his place of birth. This apparent abbreviation has caused a great deal of consternation. We originally took this to mean Preila. However, Preila is a town on the Curonian Spit that would have been part of Prussia \/ Germany at that time. Given that he had deserted the Czar&#8217;s army through Germany, it is possible that he was attempting to disguise his origins. However, he clearly lists the nation on the same line as Russia. On the left side of the page, he lists under Last Permanent Residence and complete address of nearest relative the same thing &#8211; Preila. However, he lists the county\/district as Wilna. He lists his family contact as his father, Jan Jagie\u0142\u0142owicz, placing him at Preila. This caused us to wonder whether he was dictating, and the person completing the manifest simply assumed Preila from something that he didn&#8217;t understand. What makes his choice of location so interesting is that Wac\u0142aw very likely would have listed his family&#8217;s place of origin as Preszoga\u0142a. More on Preszoga\u0142a (which has a number of possible spellings) later.<\/p>\n\n\n\n<div class=\"wp-block-image\"><figure class=\"aligncenter size-large is-resized\"><img loading=\"lazy\" decoding=\"async\" src=\"http:\/\/jagiellowicz-online.preview-domain.com\/wp-content\/uploads\/2019\/12\/LastPermResandContactfromManifest.jpg\" alt=\"Last Residence and Family Contact from ship's manifest\" class=\"wp-image-34\" width=\"584\" height=\"80\" srcset=\"https:\/\/jagiellowicz.online\/wp-content\/uploads\/2019\/12\/LastPermResandContactfromManifest.jpg 551w, https:\/\/jagiellowicz.online\/wp-content\/uploads\/2019\/12\/LastPermResandContactfromManifest-300x41.jpg 300w\" sizes=\"auto, (max-width: 584px) 100vw, 584px\" \/><figcaption>Last Residence and Family Contact from Eisenbach Manifest<\/figcaption><\/figure><\/div>\n\n\n\n<p>On his 1942 draft registration card, he identified his birth place as the more plausible town of Dotnuva. By that time, he had purchased a farm in Lithuania for his parents, but that farm was closer to Vadaktai. So, his actual place of birth remains a bit of a mystery.<\/p>\n\n\n\n<figure class=\"wp-block-image size-large\"><img loading=\"lazy\" decoding=\"async\" width=\"1024\" height=\"596\" src=\"http:\/\/jagiellowicz-online.preview-domain.com\/wp-content\/uploads\/2019\/12\/Draft_Card_1942-1024x596.jpg\" alt=\"\" class=\"wp-image-31\" srcset=\"https:\/\/jagiellowicz.online\/wp-content\/uploads\/2019\/12\/Draft_Card_1942-1024x596.jpg 1024w, https:\/\/jagiellowicz.online\/wp-content\/uploads\/2019\/12\/Draft_Card_1942-300x175.jpg 300w, https:\/\/jagiellowicz.online\/wp-content\/uploads\/2019\/12\/Draft_Card_1942-768x447.jpg 768w, https:\/\/jagiellowicz.online\/wp-content\/uploads\/2019\/12\/Draft_Card_1942-1536x895.jpg 1536w, https:\/\/jagiellowicz.online\/wp-content\/uploads\/2019\/12\/Draft_Card_1942-2048x1193.jpg 2048w, https:\/\/jagiellowicz.online\/wp-content\/uploads\/2019\/12\/Draft_Card_1942-1200x699.jpg 1200w, https:\/\/jagiellowicz.online\/wp-content\/uploads\/2019\/12\/Draft_Card_1942-1980x1153.jpg 1980w\" sizes=\"auto, (max-width: 1024px) 100vw, 1024px\" \/><\/figure>\n\n\n\n<p>As of December 28, 2019, we do not have primary source documentation of the location of his birth or baptism.<\/p>\n\n\n\n<p>Given our inability even to establish with precision his date and place of birth, it&#8217;s not surprising that most of the rest of what we know is from oral history with some corroborating information. Those who knew him explained that Wac\u0142aw was not a braggart or one prone to fanciful tales, so we have no reason to doubt how he accounted for his own origins.<\/p>\n\n\n\n<p>Wac\u0142aw explained that his family were Bajori, or Szlachta, and that with the disappearance of his older brother Antoni through being impressed into the Czar&#8217;s army, he was the oldest son of the oldest son, etc. Curiously, the explanation of the loss of the family estate attributed to Wac\u0142aw is a bit of a clich\u00e9: that the family lost its lands gambling in Paris. It&#8217;s not clear if Wac\u0142aw actually provided this explanation. What makes it odd is that what we believe to be the correct explanation would seem to have been a much better story to tell &#8211; the Jagie\u0142\u0142owicz family appears to have lost its lands and probably its titles for its support of the uprisings against the Czar, most likely the January Uprising of 1863.<\/p>\n\n\n\n<p>The reason it is so difficult to find any information on Preszoga\u0142a, the town that we believe was Wac\u0142aw&#8217;s hometown, is that after the uprising, the Czar burned it to the ground. He sent ethnic Russians to colonize the area. We have some supporting documentation for this explanation for the family&#8217;s change in fortunes, but it remains a mystery why Wac\u0142aw would not simply have provided this explanation versus the rather clich\u00e9 and fanciful &#8220;lost the family estate gambling in Paris&#8221; explanation.<\/p>\n\n\n\n<p>Eventually, I&#8217;ll provide more information on what we&#8217;ve currently established regarding the Jagie\u0142\u0142owicz family history on another set of pages.<\/p>\n\n\n\n<p>Returning to Wac\u0142aw, he was the son of Jan Jagie\u0142\u0142owicz and Barbara Montville (Montvilius). He was one of four children of Jan and Barbara. Barbara died when he was young. Wac\u0142aw related that his father asked him is he wished to say goodbye to his mother, as she lay dying. Wac\u0142aw explained that, as a boy, he was able to say goodbye to his mother.<\/p>\n\n\n\n<p>Jan eventually remarried, and had many children with his second wife, Anna Iwaszkiewicz. Wac\u0142aw had many half-brothers and sisters.<\/p>\n\n\n\n<figure class=\"wp-block-image size-large\"><img loading=\"lazy\" decoding=\"async\" width=\"498\" height=\"1024\" src=\"http:\/\/jagiellowicz-online.preview-domain.com\/wp-content\/uploads\/2019\/12\/WaclavJagiellowiczUniformPainting.jpg\" alt=\"\" class=\"wp-image-43\" srcset=\"https:\/\/jagiellowicz.online\/wp-content\/uploads\/2019\/12\/WaclavJagiellowiczUniformPainting.jpg 498w, https:\/\/jagiellowicz.online\/wp-content\/uploads\/2019\/12\/WaclavJagiellowiczUniformPainting-146x300.jpg 146w\" sizes=\"auto, (max-width: 498px) 100vw, 498px\" \/><figcaption>Artist reproduction of a photo of Wac\u0142aw in his Russian uniform; colors not accurate; his wife Anna chose colors &#8220;that she liked&#8221;<\/figcaption><\/figure>\n\n\n\n<p>Wac\u0142aw&#8217;s son Jan (John James Jagiella) spoke of Wac\u0142aw&#8217;s fascination with the store that an uncle operated. Jan explained that Wac\u0142aw found commerce fascinating, a bit of a curiosity given his family&#8217;s history and the likely agricultural nature of his childhood circumstances. This fascination may explain his life in the United States. As Jan described what he knew of his father&#8217;s life, he would work multiple jobs to save money, start a business, the business would fail, and Wac\u0142aw would start again.<\/p>\n\n\n\n<p>We don&#8217;t have a lot of documentation of how Wac\u0142aw lived from 1913 through to his marriage to Anna Noviskaite in 1925. We know that he listed his occupation in Census records as &#8220;Musician&#8221; or &#8220;Music Teacher&#8221;. This is consistent with what we know of the Jagie\u0142\u0142owicz family then and now &#8211; many of them were and are musicians. It&#8217;s not clear what instrument Wac\u0142aw played. The family tradition is that he played clarinet, but when, some years after his death, his wife Anna showed me his instrument, she showed me a cornet, not a clarinet.<\/p>\n\n\n\n<p>With regard to the question of Wac\u0142aw&#8217;s ethnicity, the best explanation is that Wac\u0142aw, if asked, would likely have said, <em>Jestem Litwinem<\/em>. In other words, he would have said <em>I am Lithuanian<\/em>, but he would have said that in Polish. His mother-in-law remarked somewhat uncharitably, <em>He speaks Lithuanian like a foreigner!<\/em> Wac\u0142aw&#8217;s son Jan explained that, although he was culturally Polish, Wac\u0142aw ended up in the Lithuanian community. One reason, Jan explained, was that at Lithuanian weddings, the band would salute each male guest when they arrived, and receive a tip. Wac\u0142aw made more money playing Lithuanian weddings, and eventually gravitated into the Lithuanian community of Chicago more so than the Polish community.<\/p>\n\n\n\n<p>On September 26, 1925, Wac\u0142aw married Anna Noviskaite of Marion, Indiana. They met in Chicago. They raised three sons, Jan, Francis, and Wac\u0142aw. For many years, they resided at the intersection of 47th and Rockwell in Chicago. Originally, the family lived in a wood frame house on one of the corners. However, they had a problem with rats; so,  Wac\u0142aw had a brick building built on a different corner of the intersection, and moved the family into that building at 2559 W. 47th Street in Chicago. After the war, they moved to 3052 W. 63rd St., near Marquette Park where many Lithuanians settled.<\/p>\n\n\n\n<p>Like many Lithuanians, Wac\u0142aw earned his living resourcefully. When the depression hit, Wac\u0142aw was at risk for losing the building he had built on 47th Street. As his son Jan retold, Wac\u0142aw was a respected member of the Lithuanian community at the time, and reportedly received a loan from a Lithuanian bootlegger that essentially allowed him to pay off his Mortgage. Over the years, Wac\u0142aw became friends with Barney Pietkewicz, who was a leader of the Crane Savings and Loan. Eventually, Wac\u0142aw became a Director there. Years later his son John (Jan) obtained his first mortgage from Crane, buying a home in Marquette Park at 6636 S. Washtenaw.<\/p>\n\n\n\n<p>Jan commented that, as children, he and his brother Frank didn&#8217;t understand why they weren&#8217;t allowed &#8220;downstairs&#8221;, where his parents told him that they ran a candy store. In fact, they ran a tavern during prohibition, and, for a variety of reasons, Jan and Frank spent much time living with their grandparents in Marion, Indiana.<\/p>\n\n\n\n<figure class=\"wp-block-image size-large\"><img loading=\"lazy\" decoding=\"async\" width=\"720\" height=\"960\" src=\"http:\/\/jagiellowicz-online.preview-domain.com\/wp-content\/uploads\/2019\/12\/WaclavandAnna.jpg\" alt=\"\" class=\"wp-image-42\" srcset=\"https:\/\/jagiellowicz.online\/wp-content\/uploads\/2019\/12\/WaclavandAnna.jpg 720w, https:\/\/jagiellowicz.online\/wp-content\/uploads\/2019\/12\/WaclavandAnna-225x300.jpg 225w\" sizes=\"auto, (max-width: 720px) 100vw, 720px\" \/><figcaption>Wac\u0142aw and Anna, date unknown, probably 1960s<\/figcaption><\/figure>\n\n\n\n<p>Wac\u0142aw returned to Lithuania a number of times over the years. He and Anna traveled, and he continued to operate the Imperial Ballroom, his tavern, for many years. Wac\u0142aw died July 1, 1971 in Chicago.<\/p>\n\n\n\n<p>In 1959, Wac\u0142aw collected his wife and his descendants in Cook County, Illinois, and officially changed his and everyone else&#8217;s surname to Jagiella. Reportedly, he was tired of going by Jagiello, which he had shortened from Jagie\u0142\u0142owicz, because people thought he was Italian. In any event, since 1959, the descendants of Wac\u0142aw Jagie\u0142\u0142owicz in the United States have used the surname Jagiella.<\/p>\n\n\n\n<div class=\"wp-block-button\"><a class=\"wp-block-button__link\" href=\"http:\/\/www.jagiellowicz.online\/\">Return to root page<\/a><\/div>\n\n\n\n<p><a href=\"http:\/\/jagiellowicz.online\/?page_id=47\">Wac\u0142aw&#8217;s Wife<\/a><br><a href=\"http:\/\/jagiellowicz.online\/?page_id=65\">Wac\u0142aw&#8217;s Father<\/a><br><a href=\"http:\/\/jagiellowicz.online\/?page_id=101\">Wac\u0142aw&#8217;s Son<\/a><\/p>\n","protected":false},"excerpt":{"rendered":"<p>Wac\u0142aw Jagie\u0142\u0142owicz was born in Lithuania. The place and date of his birth are only estimates, as he was not consistent in how he reported this over the years. In his passport application from March 17, 1925, he responds to the questions on the application that he was born October 18, 1890 in Lithuania. He [&hellip;]<\/p>\n","protected":false},"author":1,"featured_media":0,"parent":7,"menu_order":0,"comment_status":"closed","ping_status":"closed","template":"","meta":{"footnotes":""},"class_list":["post-19","page","type-page","status-publish","hentry"],"_links":{"self":[{"href":"https:\/\/jagiellowicz.online\/index.php?rest_route=\/wp\/v2\/pages\/19","targetHints":{"allow":["GET"]}}],"collection":[{"href":"https:\/\/jagiellowicz.online\/index.php?rest_route=\/wp\/v2\/pages"}],"about":[{"href":"https:\/\/jagiellowicz.online\/index.php?rest_route=\/wp\/v2\/types\/page"}],"author":[{"embeddable":true,"href":"https:\/\/jagiellowicz.online\/index.php?rest_route=\/wp\/v2\/users\/1"}],"replies":[{"embeddable":true,"href":"https:\/\/jagiellowicz.online\/index.php?rest_route=%2Fwp%2Fv2%2Fcomments&post=19"}],"version-history":[{"count":30,"href":"https:\/\/jagiellowicz.online\/index.php?rest_route=\/wp\/v2\/pages\/19\/revisions"}],"predecessor-version":[{"id":124,"href":"https:\/\/jagiellowicz.online\/index.php?rest_route=\/wp\/v2\/pages\/19\/revisions\/124"}],"up":[{"embeddable":true,"href":"https:\/\/jagiellowicz.online\/index.php?rest_route=\/wp\/v2\/pages\/7"}],"wp:attachment":[{"href":"https:\/\/jagiellowicz.online\/index.php?rest_route=%2Fwp%2Fv2%2Fmedia&parent=19"}],"curies":[{"name":"wp","href":"https:\/\/api.w.org\/{rel}","templated":true}]}}