{"id":65,"date":"2019-12-29T22:12:45","date_gmt":"2019-12-29T22:12:45","guid":{"rendered":"http:\/\/jagiellowicz.online\/?page_id=65"},"modified":"2020-01-19T19:11:13","modified_gmt":"2020-01-19T19:11:13","slug":"jan-jagiellowicz","status":"publish","type":"page","link":"https:\/\/jagiellowicz.online\/?page_id=65","title":{"rendered":"Jan Jagie\u0142\u0142owicz"},"content":{"rendered":"\n<div class=\"wp-block-button\"><a class=\"wp-block-button__link\" href=\"http:\/\/www.jagiellowicz.online\/\">Return to Root<\/a><\/div>\n\n\n\n<p>We don&#8217;t know a great deal about Jan, the father of Wac\u0142aw Jagie\u0142\u0142owicz, who is at the center of this genealogy. He was one of three sons of Jozef Jagie\u0142\u0142owicz and Anna Nefowna. He was born in Wiedzoga\u0142a (Vandziogala) in 1863. He was the oldest of three brothers. His brothers were Anupras, born in 1864, and Eustachius, born in 1866.<\/p>\n\n\n\n<p>We know that he originally married Barbara Montville (Montvilius) in 1885. His mother Anna died that same year. With Barbara, he had four children &#8211; Antoni, Wac\u0142aw, Veronika, and Appolonia. We don&#8217;t have the date of Barbara&#8217;s death, but believe she died in approximately 1895.<\/p>\n\n\n\n<p>Jan then married Anna Iwaszkiewicz and had many children:<br>1898 Valerian<br>W\u0142adys\u0142aw<br>Benedict<br>1909 Ksavery (Xavier)<br>Kazimierz (Casimir)<br>Felicijan<br>Teresa<br>Aleksandra<br>Sofia<br>The above were all confirmed in correspondence with Felicijan Jagie\u0142\u0142owicz before he passed away. Other documents also refer to another son Piotr (Peter).<\/p>\n\n\n\n<p>Jan remained active in the lives of his children. After losing his oldest son Antoni to the Czar&#8217;s service (never heard from him again), he encouraged Wac\u0142aw to escape, which he did successfully. When Lithuania established its independence after World War I, Wac\u0142aw helped Jan purchase a farm, where the family lived. Wac\u0142aw visited his family during that period of independence. Reportedly Jan advised Wac\u0142aw to return to the United States and raise his family there, which proved to be sage advice. Wac\u0142aw remained in touch with his siblings, particularly Felicijan and Appolonia, throughout his life. Later, his children and grandchildren remained in contact with them.<\/p>\n\n\n\n<p>Jan died in 1927, and is buried alongside his second wife, Anna, in Vadaktai.<\/p>\n\n\n\n<figure class=\"wp-block-image size-large\"><img loading=\"lazy\" decoding=\"async\" width=\"768\" height=\"1024\" src=\"http:\/\/jagiellowicz-online.preview-domain.com\/wp-content\/uploads\/2019\/12\/IMG_0675-768x1024.jpg\" alt=\"\" class=\"wp-image-67\" srcset=\"https:\/\/jagiellowicz.online\/wp-content\/uploads\/2019\/12\/IMG_0675-768x1024.jpg 768w, https:\/\/jagiellowicz.online\/wp-content\/uploads\/2019\/12\/IMG_0675-225x300.jpg 225w, https:\/\/jagiellowicz.online\/wp-content\/uploads\/2019\/12\/IMG_0675-1152x1536.jpg 1152w, https:\/\/jagiellowicz.online\/wp-content\/uploads\/2019\/12\/IMG_0675-1536x2048.jpg 1536w, https:\/\/jagiellowicz.online\/wp-content\/uploads\/2019\/12\/IMG_0675-1200x1600.jpg 1200w, https:\/\/jagiellowicz.online\/wp-content\/uploads\/2019\/12\/IMG_0675-1980x2640.jpg 1980w, https:\/\/jagiellowicz.online\/wp-content\/uploads\/2019\/12\/IMG_0675-scaled.jpg 1920w\" sizes=\"auto, (max-width: 768px) 100vw, 768px\" \/><figcaption>Tombstone of Jan and Anna Jagie\u0142\u0142owicz in Vadkatai, Lithuania, as seen on July 31, 2019.<\/figcaption><\/figure>\n\n\n\n<figure class=\"wp-block-image size-large\"><img loading=\"lazy\" decoding=\"async\" width=\"768\" height=\"1024\" src=\"http:\/\/jagiellowicz-online.preview-domain.com\/wp-content\/uploads\/2019\/12\/IMG_0676-768x1024.jpg\" alt=\"\" class=\"wp-image-68\" srcset=\"https:\/\/jagiellowicz.online\/wp-content\/uploads\/2019\/12\/IMG_0676-768x1024.jpg 768w, https:\/\/jagiellowicz.online\/wp-content\/uploads\/2019\/12\/IMG_0676-225x300.jpg 225w, https:\/\/jagiellowicz.online\/wp-content\/uploads\/2019\/12\/IMG_0676-1152x1536.jpg 1152w, https:\/\/jagiellowicz.online\/wp-content\/uploads\/2019\/12\/IMG_0676-1536x2048.jpg 1536w, https:\/\/jagiellowicz.online\/wp-content\/uploads\/2019\/12\/IMG_0676-1200x1600.jpg 1200w, https:\/\/jagiellowicz.online\/wp-content\/uploads\/2019\/12\/IMG_0676-1980x2640.jpg 1980w, https:\/\/jagiellowicz.online\/wp-content\/uploads\/2019\/12\/IMG_0676-scaled.jpg 1920w\" sizes=\"auto, (max-width: 768px) 100vw, 768px\" \/><figcaption>Close-up of the Grave Marker<\/figcaption><\/figure>\n\n\n\n<figure class=\"wp-block-image size-large\"><img loading=\"lazy\" decoding=\"async\" width=\"768\" height=\"1024\" src=\"http:\/\/jagiellowicz-online.preview-domain.com\/wp-content\/uploads\/2019\/12\/IMG_0677-768x1024.jpg\" alt=\"\" class=\"wp-image-69\" srcset=\"https:\/\/jagiellowicz.online\/wp-content\/uploads\/2019\/12\/IMG_0677-768x1024.jpg 768w, https:\/\/jagiellowicz.online\/wp-content\/uploads\/2019\/12\/IMG_0677-225x300.jpg 225w, https:\/\/jagiellowicz.online\/wp-content\/uploads\/2019\/12\/IMG_0677-1152x1536.jpg 1152w, https:\/\/jagiellowicz.online\/wp-content\/uploads\/2019\/12\/IMG_0677-1536x2048.jpg 1536w, https:\/\/jagiellowicz.online\/wp-content\/uploads\/2019\/12\/IMG_0677-1200x1600.jpg 1200w, https:\/\/jagiellowicz.online\/wp-content\/uploads\/2019\/12\/IMG_0677-1980x2640.jpg 1980w, https:\/\/jagiellowicz.online\/wp-content\/uploads\/2019\/12\/IMG_0677-scaled.jpg 1920w\" sizes=\"auto, (max-width: 768px) 100vw, 768px\" \/><figcaption>Antoni and Ewa Jagie\u0142\u0142owicz tending the grave<\/figcaption><\/figure>\n\n\n\n<p>Father: <a href=\"http:\/\/jagiellowicz.online\/?page_id=73\">Jozef Jagie\u0142\u0142owicz<\/a><\/p>\n\n\n\n<div class=\"wp-block-button\"><a class=\"wp-block-button__link\" href=\"http:\/\/www.jagiellowicz.online\/\">Return to Root<\/a><\/div>\n\n\n\n<p><\/p>\n","protected":false},"excerpt":{"rendered":"<p>We don&#8217;t know a great deal about Jan, the father of Wac\u0142aw Jagie\u0142\u0142owicz, who is at the center of this genealogy. He was one of three sons of Jozef Jagie\u0142\u0142owicz and Anna Nefowna. He was born in Wiedzoga\u0142a (Vandziogala) in 1863. He was the oldest of three brothers. His brothers were Anupras, born in 1864, [&hellip;]<\/p>\n","protected":false},"author":1,"featured_media":0,"parent":0,"menu_order":0,"comment_status":"closed","ping_status":"closed","template":"","meta":{"footnotes":""},"class_list":["post-65","page","type-page","status-publish","hentry"],"_links":{"self":[{"href":"https:\/\/jagiellowicz.online\/index.php?rest_route=\/wp\/v2\/pages\/65","targetHints":{"allow":["GET"]}}],"collection":[{"href":"https:\/\/jagiellowicz.online\/index.php?rest_route=\/wp\/v2\/pages"}],"about":[{"href":"https:\/\/jagiellowicz.online\/index.php?rest_route=\/wp\/v2\/types\/page"}],"author":[{"embeddable":true,"href":"https:\/\/jagiellowicz.online\/index.php?rest_route=\/wp\/v2\/users\/1"}],"replies":[{"embeddable":true,"href":"https:\/\/jagiellowicz.online\/index.php?rest_route=%2Fwp%2Fv2%2Fcomments&post=65"}],"version-history":[{"count":8,"href":"https:\/\/jagiellowicz.online\/index.php?rest_route=\/wp\/v2\/pages\/65\/revisions"}],"predecessor-version":[{"id":95,"href":"https:\/\/jagiellowicz.online\/index.php?rest_route=\/wp\/v2\/pages\/65\/revisions\/95"}],"wp:attachment":[{"href":"https:\/\/jagiellowicz.online\/index.php?rest_route=%2Fwp%2Fv2%2Fmedia&parent=65"}],"curies":[{"name":"wp","href":"https:\/\/api.w.org\/{rel}","templated":true}]}}