{"id":7,"date":"2019-12-26T19:57:02","date_gmt":"2019-12-26T19:57:02","guid":{"rendered":"http:\/\/jagiellowicz.online\/?page_id=7"},"modified":"2020-01-20T00:10:06","modified_gmt":"2020-01-20T00:10:06","slug":"welcome-to-the-jagiellowicz-web-site-2","status":"publish","type":"page","link":"https:\/\/jagiellowicz.online\/","title":{"rendered":"Welcome to the Jagie\u0142\u0142owicz Web Site!"},"content":{"rendered":"\n<p>This is a web site based on genealogy as it relates to Wac\u0142aw Jagie\u0142\u0142owicz, who emigrated to the USA from Lithuania.<\/p>\n\n\n\n<div class=\"wp-block-image\"><figure class=\"aligncenter size-large\"><img loading=\"lazy\" decoding=\"async\" width=\"354\" height=\"353\" src=\"http:\/\/jagiellowicz-online.preview-domain.com\/wp-content\/uploads\/2019\/12\/19250317_WaclavJagiellowiczPassportPhoto.jpg\" alt=\"\" class=\"wp-image-8\" srcset=\"https:\/\/jagiellowicz.online\/wp-content\/uploads\/2019\/12\/19250317_WaclavJagiellowiczPassportPhoto.jpg 354w, https:\/\/jagiellowicz.online\/wp-content\/uploads\/2019\/12\/19250317_WaclavJagiellowiczPassportPhoto-300x300.jpg 300w, https:\/\/jagiellowicz.online\/wp-content\/uploads\/2019\/12\/19250317_WaclavJagiellowiczPassportPhoto-150x150.jpg 150w\" sizes=\"auto, (max-width: 354px) 100vw, 354px\" \/><figcaption>Waclav&#8217;s passport photo, March 19, 1925<\/figcaption><\/figure><\/div>\n\n\n\n<p>As with many Lithuanians of his generation, Wac\u0142aw was less than precise in recording his name or any vital details. Generally speaking, he was a member of the Polonized Lithuanian yeomanry who lived in the Liauda River Valley in Lithuania. He came to the USA after successfully escaping impressed service in the Czar&#8217;s army prior to the outbreak of WWI. He arrived on May 24, 1913. While many say that the outbreak was sudden, Wac\u0142aw always said that everyone knew that war was likely. His family had already lost older brother Antony in the Czar&#8217;s army (no details of his fate known), and his father Jan was very eager not to lose another son. <\/p>\n\n\n\n<figure class=\"wp-block-image size-large\"><img loading=\"lazy\" decoding=\"async\" width=\"638\" height=\"204\" src=\"http:\/\/jagiellowicz-online.preview-domain.com\/wp-content\/uploads\/2019\/12\/WaclaveShipManifestEdited.jpg\" alt=\"\" class=\"wp-image-11\" srcset=\"https:\/\/jagiellowicz.online\/wp-content\/uploads\/2019\/12\/WaclaveShipManifestEdited.jpg 638w, https:\/\/jagiellowicz.online\/wp-content\/uploads\/2019\/12\/WaclaveShipManifestEdited-300x96.jpg 300w\" sizes=\"auto, (max-width: 638px) 100vw, 638px\" \/><figcaption>May 24, 1913 Eisenach Manifest, Bremen, Germany to Baltimore, MD, USA<\/figcaption><\/figure>\n\n\n\n<p>If you are interested in learning more about our family, here are some possible starting points:<\/p>\n\n\n\n<p><a href=\"http:\/\/jagiellowicz.online\/?page_id=19\">Wac\u0142aw Jagie\u0142\u0142owicz biography page<\/a><\/p>\n\n\n\n<p><a href=\"http:\/\/jagiellowicz.online\/?page_id=47\">Anna Noviskaite \/ Jagieleviciene \/ Jagiella biography page<\/a><\/p>\n","protected":false},"excerpt":{"rendered":"<p>This is a web site based on genealogy as it relates to Wac\u0142aw Jagie\u0142\u0142owicz, who emigrated to the USA from Lithuania. As with many Lithuanians of his generation, Wac\u0142aw was less than precise in recording his name or any vital details. Generally speaking, he was a member of the Polonized Lithuanian yeomanry who lived in [&hellip;]<\/p>\n","protected":false},"author":1,"featured_media":0,"parent":0,"menu_order":0,"comment_status":"closed","ping_status":"closed","template":"","meta":{"footnotes":""},"class_list":["post-7","page","type-page","status-publish","hentry"],"_links":{"self":[{"href":"https:\/\/jagiellowicz.online\/index.php?rest_route=\/wp\/v2\/pages\/7","targetHints":{"allow":["GET"]}}],"collection":[{"href":"https:\/\/jagiellowicz.online\/index.php?rest_route=\/wp\/v2\/pages"}],"about":[{"href":"https:\/\/jagiellowicz.online\/index.php?rest_route=\/wp\/v2\/types\/page"}],"author":[{"embeddable":true,"href":"https:\/\/jagiellowicz.online\/index.php?rest_route=\/wp\/v2\/users\/1"}],"replies":[{"embeddable":true,"href":"https:\/\/jagiellowicz.online\/index.php?rest_route=%2Fwp%2Fv2%2Fcomments&post=7"}],"version-history":[{"count":9,"href":"https:\/\/jagiellowicz.online\/index.php?rest_route=\/wp\/v2\/pages\/7\/revisions"}],"predecessor-version":[{"id":118,"href":"https:\/\/jagiellowicz.online\/index.php?rest_route=\/wp\/v2\/pages\/7\/revisions\/118"}],"wp:attachment":[{"href":"https:\/\/jagiellowicz.online\/index.php?rest_route=%2Fwp%2Fv2%2Fmedia&parent=7"}],"curies":[{"name":"wp","href":"https:\/\/api.w.org\/{rel}","templated":true}]}}