{"id":73,"date":"2019-12-29T22:59:05","date_gmt":"2019-12-29T22:59:05","guid":{"rendered":"http:\/\/jagiellowicz.online\/?page_id=73"},"modified":"2020-01-19T19:16:17","modified_gmt":"2020-01-19T19:16:17","slug":"jozef-jagiellowicz","status":"publish","type":"page","link":"https:\/\/jagiellowicz.online\/?page_id=73","title":{"rendered":"Jozef Jagie\u0142\u0142owicz"},"content":{"rendered":"\n<div class=\"wp-block-button\"><a class=\"wp-block-button__link\" href=\"http:\/\/www.jagiellowicz.online\/\">Return to Root<\/a><\/div>\n\n\n\n<p>Perhaps of all the ancestors of Wac\u0142aw Jagie\u0142\u0142owicz, Jozef remains the most intriguing, at least as of December 29, 2019. That&#8217;s because Jozef&#8217;s origins either tie the family directly to a well-documented genealogy dating back to 1659, or, <em>they don&#8217;t<\/em>.<\/p>\n\n\n\n<p>The intrigue revolves around a document from the church in Krekenava, Lithuania. It is a pre-marital questionnaire completed by Jozef and his bride-to-be, Anna Nefowna. Separate documentation trails connect Jozef&#8217;s son Jan to Wac\u0142aw; we have clear documentation that Jan is the son of Jozef and Anna. But this document is intriguing for a number of reasons.<\/p>\n\n\n\n<p>The genealogical record of most interest was discovered by Witold Jagie\u0142\u0142owicz, a distant cousin. Witold found the document in the archives in Vilnius. This document traces lineage of the Jagie\u0142\u0142owicz family back to its estate at Preszoga\u0142a in 1659. It lists Jozef, identifying him as Jozef Ferdynant, and his father as Karol Jagie\u0142\u0142owicz.<\/p>\n\n\n\n<figure class=\"wp-block-image size-large\"><img loading=\"lazy\" decoding=\"async\" width=\"1024\" height=\"768\" src=\"http:\/\/jagiellowicz.online\/wp-content\/uploads\/2020\/01\/WitoldJagiellowiczSzclactaRecords-1024x768.png\" alt=\"\" class=\"wp-image-90\" srcset=\"https:\/\/jagiellowicz.online\/wp-content\/uploads\/2020\/01\/WitoldJagiellowiczSzclactaRecords-1024x768.png 1024w, https:\/\/jagiellowicz.online\/wp-content\/uploads\/2020\/01\/WitoldJagiellowiczSzclactaRecords-300x225.png 300w, https:\/\/jagiellowicz.online\/wp-content\/uploads\/2020\/01\/WitoldJagiellowiczSzclactaRecords-768x576.png 768w, https:\/\/jagiellowicz.online\/wp-content\/uploads\/2020\/01\/WitoldJagiellowiczSzclactaRecords-1536x1151.png 1536w, https:\/\/jagiellowicz.online\/wp-content\/uploads\/2020\/01\/WitoldJagiellowiczSzclactaRecords-2048x1535.png 2048w, https:\/\/jagiellowicz.online\/wp-content\/uploads\/2020\/01\/WitoldJagiellowiczSzclactaRecords-1200x900.png 1200w, https:\/\/jagiellowicz.online\/wp-content\/uploads\/2020\/01\/WitoldJagiellowiczSzclactaRecords-1980x1484.png 1980w\" sizes=\"auto, (max-width: 1024px) 100vw, 1024px\" \/><\/figure>\n\n\n\n<p>However, in the pre-marital questionnaire, Jozef identifies his mother as Anna Kwiatkowska. The baptismal record of Jozef Ferdynant Jagie\u0142\u0142owicz identifies his mother as Magdalena Gabry\u0142owiczowna. He also lists his age as 33 on this document from 1857, which would put his birth date at 1824, not 1817.<\/p>\n\n\n\n<p>Another interesting note is that Jozef lists his home parish as  W\u0119dzegolskiej, which is a Polish form of Vandziogala.<\/p>\n\n\n\n<p>It seems highly unlikely that there was another Karol Jagie\u0142\u0142owicz who had a son named Jozef Jagie\u0142\u0142owicz around the same time and in the same area. It&#8217;s more likely that Magdalena died and that Karol remarried. It&#8217;s also interesting to note that Anna misrepresented her age on the document. It&#8217;s very likely that neither Jozef for Anna knew their ages with any precision.<\/p>\n\n\n\n<p>Other noteworthy items &#8211; Jozef is listed as Szlachta, while Anna is listed as Pracowniki, or &#8220;common&#8221;. This is funny to later descendants, due to a story retold by Wac\u0142aw that Jozef&#8217;s son Jan later punished Wac\u0142aw and Antoni for speaking to common girls. That&#8217;s especially odd given that Jan&#8217;s second wife, Anna Iwaszkewiecz, also had no claim to a noble title. It&#8217;s also worth noting that the manner of signing the document suggests that both Jozef and Anna Nefowna were illiterate.<\/p>\n\n\n\n<figure class=\"wp-block-image size-large\"><img loading=\"lazy\" decoding=\"async\" width=\"637\" height=\"1024\" src=\"http:\/\/jagiellowicz-online.preview-domain.com\/wp-content\/uploads\/2019\/12\/Krekenavos_RKB_1855-1860_PS_apklausos_knyga_090-637x1024.jpg\" alt=\"Krekanava Church Record - Pre-Marital Questionnaire of Jozef Jagie\u0142\u0142owicz and Anna Neff\" class=\"wp-image-80\" srcset=\"https:\/\/jagiellowicz.online\/wp-content\/uploads\/2019\/12\/Krekenavos_RKB_1855-1860_PS_apklausos_knyga_090-637x1024.jpg 637w, https:\/\/jagiellowicz.online\/wp-content\/uploads\/2019\/12\/Krekenavos_RKB_1855-1860_PS_apklausos_knyga_090-187x300.jpg 187w, https:\/\/jagiellowicz.online\/wp-content\/uploads\/2019\/12\/Krekenavos_RKB_1855-1860_PS_apklausos_knyga_090-768x1234.jpg 768w, https:\/\/jagiellowicz.online\/wp-content\/uploads\/2019\/12\/Krekenavos_RKB_1855-1860_PS_apklausos_knyga_090-956x1536.jpg 956w, https:\/\/jagiellowicz.online\/wp-content\/uploads\/2019\/12\/Krekenavos_RKB_1855-1860_PS_apklausos_knyga_090-1275x2048.jpg 1275w, https:\/\/jagiellowicz.online\/wp-content\/uploads\/2019\/12\/Krekenavos_RKB_1855-1860_PS_apklausos_knyga_090-1200x1928.jpg 1200w, https:\/\/jagiellowicz.online\/wp-content\/uploads\/2019\/12\/Krekenavos_RKB_1855-1860_PS_apklausos_knyga_090-1980x3181.jpg 1980w, https:\/\/jagiellowicz.online\/wp-content\/uploads\/2019\/12\/Krekenavos_RKB_1855-1860_PS_apklausos_knyga_090-scaled.jpg 1594w\" sizes=\"auto, (max-width: 637px) 100vw, 637px\" \/><figcaption>Pre-marital Questionnaire of Jozef Jagie\u0142\u0142owicz and Anna Nefowna from the Church in Krekanava dated 1857<\/figcaption><\/figure>\n\n\n\n<p>If we have correctly identified this Jozef Jagie\u0142\u0142owicz as Jozef Ferdynant born in Vandziogala in 1817, which seems very likely, then we can use the Last Will and Testament to trace the ancestry back through Karol Tomasz to Maciey (Matteus) Jozef, to Jan, to Bart\u0142omiey, to Kazimierz, along with the grant of the estate at Preszoga\u0142a on May 12, 1659. 1659 is not terribly long after the end of the Jagie\u0142\u0142onian Dynasty in Poland, which does make the origin of our family name quite intriguing.<\/p>\n\n\n\n<p>If we have correctly identified Jozef Ferdynant as our ancestors, other records from the church in Vandziogala also list a sister to Jozef &#8211; Ona. <\/p>\n\n\n\n<p><\/p>\n\n\n\n<div class=\"wp-block-button\"><a class=\"wp-block-button__link\" href=\"http:\/\/www.jagiellowicz.online\/\">Return to Root<\/a><\/div>\n\n\n\n<p><\/p>\n","protected":false},"excerpt":{"rendered":"<p>Perhaps of all the ancestors of Wac\u0142aw Jagie\u0142\u0142owicz, Jozef remains the most intriguing, at least as of December 29, 2019. That&#8217;s because Jozef&#8217;s origins either tie the family directly to a well-documented genealogy dating back to 1659, or, they don&#8217;t. The intrigue revolves around a document from the church in Krekenava, Lithuania. It is a [&hellip;]<\/p>\n","protected":false},"author":1,"featured_media":0,"parent":0,"menu_order":0,"comment_status":"closed","ping_status":"closed","template":"","meta":{"footnotes":""},"class_list":["post-73","page","type-page","status-publish","hentry"],"_links":{"self":[{"href":"https:\/\/jagiellowicz.online\/index.php?rest_route=\/wp\/v2\/pages\/73","targetHints":{"allow":["GET"]}}],"collection":[{"href":"https:\/\/jagiellowicz.online\/index.php?rest_route=\/wp\/v2\/pages"}],"about":[{"href":"https:\/\/jagiellowicz.online\/index.php?rest_route=\/wp\/v2\/types\/page"}],"author":[{"embeddable":true,"href":"https:\/\/jagiellowicz.online\/index.php?rest_route=\/wp\/v2\/users\/1"}],"replies":[{"embeddable":true,"href":"https:\/\/jagiellowicz.online\/index.php?rest_route=%2Fwp%2Fv2%2Fcomments&post=73"}],"version-history":[{"count":10,"href":"https:\/\/jagiellowicz.online\/index.php?rest_route=\/wp\/v2\/pages\/73\/revisions"}],"predecessor-version":[{"id":100,"href":"https:\/\/jagiellowicz.online\/index.php?rest_route=\/wp\/v2\/pages\/73\/revisions\/100"}],"wp:attachment":[{"href":"https:\/\/jagiellowicz.online\/index.php?rest_route=%2Fwp%2Fv2%2Fmedia&parent=73"}],"curies":[{"name":"wp","href":"https:\/\/api.w.org\/{rel}","templated":true}]}}